{"id":32,"date":"2012-03-14T01:09:49","date_gmt":"2012-03-14T00:09:49","guid":{"rendered":"http:\/\/web131.can23.de\/?page_id=32"},"modified":"2025-06-06T12:08:44","modified_gmt":"2025-06-06T10:08:44","slug":"lage-und-umgebung","status":"publish","type":"page","link":"https:\/\/www.fewo-huf.de\/?page_id=32","title":{"rendered":"Lage und Umgebung"},"content":{"rendered":"<p>Helle und sonnige Wohnung in ruhiger Umgebung. Stadt- und Bahnhofsn\u00e4he,\u00a0Rad- und Wanderm\u00f6glichkeiten (Dampflokrunde, Fu\u00dfwanderweg entlang der Wertach zum B\u00e4rensee).<\/p>\n<p>Die Entfernung zum Rathaus Kaufbeuren betr\u00e4gt ca. 1,2 km.<\/p>\n<p>Kaufbeuren Tourismus bietet Ihnen viele <a href=\"http:\/\/www.kaufbeuren.de\/desktopdefault.aspx\/tabid-7\/72_read-42\/\">Informationen zum sch\u00f6nen Kaufbeuren und dem Allg\u00e4u<\/a> und\u00a0<a href=\"http:\/\/www.kaufbeuren.de\/desktopdefault.aspx\/tabid-51\/61_read-31\/\">zur Anreise<\/a>. Die Ferienwohnung Huf finden Sie in der <a href=\"http:\/\/maps.google.de\/maps?q=Beethovenstra%C3%9Fe+22,+Kaufbeuren&amp;hl=de&amp;ie=UTF8&amp;sll=47.411374,9.346665&amp;sspn=0.012125,0.027874&amp;oq=Beethovenstra%C3%9Fe+22,+Kau&amp;hnear=Beethovenstra%C3%9Fe+22,+87600+Kaufbeuren,+Schwaben,+Bayern&amp;t=h&amp;z=16\">Beethovenstr. 22, Kaufbeuren<\/a>.<\/p>\n","protected":false},"excerpt":{"rendered":"<p>Helle und sonnige Wohnung in ruhiger Umgebung. Stadt- und Bahnhofsn\u00e4he,\u00a0Rad- und Wanderm\u00f6glichkeiten (Dampflokrunde, Fu\u00dfwanderweg entlang der Wertach zum B\u00e4rensee). Die Entfernung zum Rathaus Kaufbeuren betr\u00e4gt ca. 1,2 km. Kaufbeuren Tourismus bietet Ihnen viele Informationen zum sch\u00f6nen Kaufbeuren und dem Allg\u00e4u &hellip; <a href=\"https:\/\/www.fewo-huf.de\/?page_id=32\">Weiterlesen <span class=\"meta-nav\">&rarr;<\/span><\/a><\/p>\n","protected":false},"author":1,"featured_media":0,"parent":0,"menu_order":0,"comment_status":"closed","ping_status":"closed","template":"","meta":{"_monsterinsights_skip_tracking":false,"_monsterinsights_sitenote_active":false,"_monsterinsights_sitenote_note":"","_monsterinsights_sitenote_category":0,"footnotes":""},"class_list":["post-32","page","type-page","status-publish","hentry"],"aioseo_notices":[],"_links":{"self":[{"href":"https:\/\/www.fewo-huf.de\/index.php?rest_route=\/wp\/v2\/pages\/32","targetHints":{"allow":["GET"]}}],"collection":[{"href":"https:\/\/www.fewo-huf.de\/index.php?rest_route=\/wp\/v2\/pages"}],"about":[{"href":"https:\/\/www.fewo-huf.de\/index.php?rest_route=\/wp\/v2\/types\/page"}],"author":[{"embeddable":true,"href":"https:\/\/www.fewo-huf.de\/index.php?rest_route=\/wp\/v2\/users\/1"}],"replies":[{"embeddable":true,"href":"https:\/\/www.fewo-huf.de\/index.php?rest_route=%2Fwp%2Fv2%2Fcomments&post=32"}],"version-history":[{"count":4,"href":"https:\/\/www.fewo-huf.de\/index.php?rest_route=\/wp\/v2\/pages\/32\/revisions"}],"predecessor-version":[{"id":91,"href":"https:\/\/www.fewo-huf.de\/index.php?rest_route=\/wp\/v2\/pages\/32\/revisions\/91"}],"wp:attachment":[{"href":"https:\/\/www.fewo-huf.de\/index.php?rest_route=%2Fwp%2Fv2%2Fmedia&parent=32"}],"curies":[{"name":"wp","href":"https:\/\/api.w.org\/{rel}","templated":true}]}}