{"id":23,"date":"2012-03-14T00:33:07","date_gmt":"2012-03-13T23:33:07","guid":{"rendered":"http:\/\/web131.can23.de\/?page_id=23"},"modified":"2025-06-06T12:08:44","modified_gmt":"2025-06-06T10:08:44","slug":"bilder","status":"publish","type":"page","link":"https:\/\/www.fewo-huf.de\/?page_id=23","title":{"rendered":"Bilder"},"content":{"rendered":"<p><strong>Wohnzimmer<\/strong><\/p>\n<div id=\"attachment_11\" style=\"width: 310px\" class=\"wp-caption alignnone\"><a href=\"\/wp-content\/uploads\/peters_pension_wohnzimmer_4005.jpg\"><img loading=\"lazy\" decoding=\"async\" aria-describedby=\"caption-attachment-11\" class=\"wp-image-11 size-medium\" title=\"Wohnzimmer - Ferienwohnung Huf Kaufbeuren Allg\u00e4u \" src=\"http:\/\/www.fewo-huf.de\/wp-content\/uploads\/peters_pension_wohnzimmer_4005-300x200.jpg\" alt=\"Wohnzimmer - Ferienwohnung Huf Kaufbeuren Allg\u00e4u\" width=\"300\" height=\"200\" srcset=\"https:\/\/www.fewo-huf.de\/wp-content\/uploads\/peters_pension_wohnzimmer_4005-300x200.jpg 300w, https:\/\/www.fewo-huf.de\/wp-content\/uploads\/peters_pension_wohnzimmer_4005-449x300.jpg 449w, https:\/\/www.fewo-huf.de\/wp-content\/uploads\/peters_pension_wohnzimmer_4005.jpg 1024w\" sizes=\"auto, (max-width: 300px) 100vw, 300px\" \/><\/a><p id=\"caption-attachment-11\" class=\"wp-caption-text\">Wohnzimmer &#8211; Ferienwohnung Huf Kaufbeuren Allg\u00e4u<\/p><\/div>\n<div id=\"attachment_21\" style=\"width: 210px\" class=\"wp-caption alignnone\"><a href=\"\/wp-content\/uploads\/peters_pension_wohnzimmer_3974.jpg\"><img loading=\"lazy\" decoding=\"async\" aria-describedby=\"caption-attachment-21\" class=\"wp-image-21 size-medium\" title=\"Wohnzimmer - Ferienwohnung Huf Kaufbeuren Allg\u00e4u \" src=\"http:\/\/www.fewo-huf.de\/wp-content\/uploads\/peters_pension_wohnzimmer_3974-200x300.jpg\" alt=\"Wohnzimmer - Ferienwohnung Huf Kaufbeuren Allg\u00e4u\" width=\"200\" height=\"300\" srcset=\"https:\/\/www.fewo-huf.de\/wp-content\/uploads\/peters_pension_wohnzimmer_3974-200x300.jpg 200w, https:\/\/www.fewo-huf.de\/wp-content\/uploads\/peters_pension_wohnzimmer_3974.jpg 683w\" sizes=\"auto, (max-width: 200px) 100vw, 200px\" \/><\/a><p id=\"caption-attachment-21\" class=\"wp-caption-text\">Wohnzimmer &#8211; Ferienwohnung Huf Kaufbeuren Allg\u00e4u<\/p><\/div>\n<p><strong>Schlafzimmer<\/strong><\/p>\n<div id=\"attachment_19\" style=\"width: 210px\" class=\"wp-caption alignnone\"><a href=\"\/wp-content\/uploads\/peters_pension_schlafzimmer1_3985.jpg\"><img loading=\"lazy\" decoding=\"async\" aria-describedby=\"caption-attachment-19\" class=\"wp-image-19 size-medium\" title=\"Bett im Schlafzimmer - Ferienwohnung Huf Kaufbeuren Allg\u00e4u \" src=\"http:\/\/www.fewo-huf.de\/wp-content\/uploads\/peters_pension_schlafzimmer1_3985-200x300.jpg\" alt=\"Bett im Schlafzimmer - Ferienwohnung Huf Kaufbeuren Allg\u00e4u\" width=\"200\" height=\"300\" srcset=\"https:\/\/www.fewo-huf.de\/wp-content\/uploads\/peters_pension_schlafzimmer1_3985-200x300.jpg 200w, https:\/\/www.fewo-huf.de\/wp-content\/uploads\/peters_pension_schlafzimmer1_3985.jpg 683w\" sizes=\"auto, (max-width: 200px) 100vw, 200px\" \/><\/a><p id=\"caption-attachment-19\" class=\"wp-caption-text\">Bett im Schlafzimmer &#8211; Ferienwohnung Huf Kaufbeuren Allg\u00e4u<\/p><\/div>\n<div id=\"attachment_18\" style=\"width: 310px\" class=\"wp-caption alignnone\"><a href=\"\/wp-content\/uploads\/peters_pension_schlafzimmer1_3981.jpg\"><img loading=\"lazy\" decoding=\"async\" aria-describedby=\"caption-attachment-18\" class=\"wp-image-18 size-medium\" title=\"Schlafzimmer - Ferienwohnung Huf Kaufbeuren Allg\u00e4u \" src=\"http:\/\/www.fewo-huf.de\/wp-content\/uploads\/peters_pension_schlafzimmer1_3981-300x200.jpg\" alt=\"Schlafzimmer - Ferienwohnung Huf Kaufbeuren Allg\u00e4u\" width=\"300\" height=\"200\" srcset=\"https:\/\/www.fewo-huf.de\/wp-content\/uploads\/peters_pension_schlafzimmer1_3981-300x200.jpg 300w, https:\/\/www.fewo-huf.de\/wp-content\/uploads\/peters_pension_schlafzimmer1_3981-449x300.jpg 449w, https:\/\/www.fewo-huf.de\/wp-content\/uploads\/peters_pension_schlafzimmer1_3981.jpg 1024w\" sizes=\"auto, (max-width: 300px) 100vw, 300px\" \/><\/a><p id=\"caption-attachment-18\" class=\"wp-caption-text\">Schlafzimmer &#8211; Ferienwohnung Huf Kaufbeuren Allg\u00e4u<\/p><\/div>\n<p><strong>Zweites Schlafzimmer<\/strong><\/p>\n<div id=\"attachment_20\" style=\"width: 210px\" class=\"wp-caption alignnone\"><a href=\"\/wp-content\/uploads\/peters_pension_schlafzimmer2_3988.jpg\"><img loading=\"lazy\" decoding=\"async\" aria-describedby=\"caption-attachment-20\" class=\"wp-image-20 size-medium\" title=\"Zweites Schlafzimmer - Ferienwohnung Huf Kaufbeuren Allg\u00e4u \" src=\"http:\/\/www.fewo-huf.de\/wp-content\/uploads\/peters_pension_schlafzimmer2_3988-200x300.jpg\" alt=\"Zweites Schlafzimmer - Ferienwohnung Huf Kaufbeuren Allg\u00e4u\" width=\"200\" height=\"300\" srcset=\"https:\/\/www.fewo-huf.de\/wp-content\/uploads\/peters_pension_schlafzimmer2_3988-200x300.jpg 200w, https:\/\/www.fewo-huf.de\/wp-content\/uploads\/peters_pension_schlafzimmer2_3988.jpg 683w\" sizes=\"auto, (max-width: 200px) 100vw, 200px\" \/><\/a><p id=\"caption-attachment-20\" class=\"wp-caption-text\">Zweites Schlafzimmer &#8211; Ferienwohnung Huf Kaufbeuren Allg\u00e4u<\/p><\/div>\n<p><strong>Badezimmer<\/strong><\/p>\n<div id=\"attachment_12\" style=\"width: 210px\" class=\"wp-caption alignnone\"><a href=\"\/wp-content\/uploads\/peters_pension_bad_39761.jpg\"><img loading=\"lazy\" decoding=\"async\" aria-describedby=\"caption-attachment-12\" class=\"wp-image-12 size-medium\" title=\"Badezimmer Spiegel - Ferienwohnung Huf Kaufbeuren Allg\u00e4u \" src=\"http:\/\/www.fewo-huf.de\/wp-content\/uploads\/peters_pension_bad_39761-200x300.jpg\" alt=\"Badezimmer Spiegel - Ferienwohnung Huf Kaufbeuren Allg\u00e4u\" width=\"200\" height=\"300\" srcset=\"https:\/\/www.fewo-huf.de\/wp-content\/uploads\/peters_pension_bad_39761-200x300.jpg 200w, https:\/\/www.fewo-huf.de\/wp-content\/uploads\/peters_pension_bad_39761.jpg 683w\" sizes=\"auto, (max-width: 200px) 100vw, 200px\" \/><\/a><p id=\"caption-attachment-12\" class=\"wp-caption-text\">Badezimmer Spiegel &#8211; Ferienwohnung Huf Kaufbeuren Allg\u00e4u<\/p><\/div>\n<div id=\"attachment_13\" style=\"width: 210px\" class=\"wp-caption alignnone\"><a href=\"\/wp-content\/uploads\/peters_pension_bad_3977.jpg\"><img loading=\"lazy\" decoding=\"async\" aria-describedby=\"caption-attachment-13\" class=\"wp-image-13 size-medium\" title=\"Badezimmer - Ferienwohnung Huf Kaufbeuren Allg\u00e4u \" src=\"http:\/\/www.fewo-huf.de\/wp-content\/uploads\/peters_pension_bad_3977-200x300.jpg\" alt=\"Badezimmer - Ferienwohnung Huf Kaufbeuren Allg\u00e4u\" width=\"200\" height=\"300\" srcset=\"https:\/\/www.fewo-huf.de\/wp-content\/uploads\/peters_pension_bad_3977-200x300.jpg 200w, https:\/\/www.fewo-huf.de\/wp-content\/uploads\/peters_pension_bad_3977.jpg 683w\" sizes=\"auto, (max-width: 200px) 100vw, 200px\" \/><\/a><p id=\"caption-attachment-13\" class=\"wp-caption-text\">Badezimmer &#8211; Ferienwohnung Huf Kaufbeuren Allg\u00e4u<\/p><\/div>\n<div id=\"attachment_14\" style=\"width: 210px\" class=\"wp-caption alignnone\"><a href=\"\/wp-content\/uploads\/peters_pension_Bad_3978.jpg\"><img loading=\"lazy\" decoding=\"async\" aria-describedby=\"caption-attachment-14\" class=\"wp-image-14 size-medium\" title=\"Dusche Badezimmer - Ferienwohnung Huf Kaufbeuren Allg\u00e4u \" src=\"http:\/\/www.fewo-huf.de\/wp-content\/uploads\/peters_pension_Bad_3978-200x300.jpg\" alt=\"Dusche Badezimmer - Ferienwohnung Huf Kaufbeuren Allg\u00e4u\" width=\"200\" height=\"300\" srcset=\"https:\/\/www.fewo-huf.de\/wp-content\/uploads\/peters_pension_Bad_3978-200x300.jpg 200w, https:\/\/www.fewo-huf.de\/wp-content\/uploads\/peters_pension_Bad_3978.jpg 683w\" sizes=\"auto, (max-width: 200px) 100vw, 200px\" \/><\/a><p id=\"caption-attachment-14\" class=\"wp-caption-text\">Dusche Badezimmer &#8211; Ferienwohnung Huf Kaufbeuren Allg\u00e4u<\/p><\/div>\n<p><strong>K\u00fcche<\/strong><\/p>\n<div id=\"attachment_16\" style=\"width: 310px\" class=\"wp-caption alignnone\"><a href=\"\/wp-content\/uploads\/peters_pension_k\u00fcche_3996.jpg\"><img loading=\"lazy\" decoding=\"async\" aria-describedby=\"caption-attachment-16\" class=\"wp-image-16 size-medium\" title=\"K\u00fcche mit Geschirrsp\u00fcler - Ferienwohnung Huf Kaufbeuren Allg\u00e4u \" src=\"http:\/\/www.fewo-huf.de\/wp-content\/uploads\/peters_pension_k\u00fcche_3996-300x200.jpg\" alt=\"K\u00fcche mit Geschirrsp\u00fcler - Ferienwohnung Huf Kaufbeuren Allg\u00e4u\" width=\"300\" height=\"200\" srcset=\"https:\/\/www.fewo-huf.de\/wp-content\/uploads\/peters_pension_k\u00fcche_3996-300x200.jpg 300w, https:\/\/www.fewo-huf.de\/wp-content\/uploads\/peters_pension_k\u00fcche_3996-449x300.jpg 449w, https:\/\/www.fewo-huf.de\/wp-content\/uploads\/peters_pension_k\u00fcche_3996.jpg 1024w\" sizes=\"auto, (max-width: 300px) 100vw, 300px\" \/><\/a><p id=\"caption-attachment-16\" class=\"wp-caption-text\">K\u00fcche mit Geschirrsp\u00fcler &#8211; Ferienwohnung Huf Kaufbeuren Allg\u00e4u<\/p><\/div>\n<div id=\"attachment_17\" style=\"width: 310px\" class=\"wp-caption alignnone\"><a href=\"\/wp-content\/uploads\/peters_pension_k\u00fcche_4001.jpg\"><img loading=\"lazy\" decoding=\"async\" aria-describedby=\"caption-attachment-17\" class=\"wp-image-17 size-medium\" title=\"K\u00fcche mit K\u00fchlschrank - Ferienwohnung Huf Kaufbeuren Allg\u00e4u \" src=\"http:\/\/www.fewo-huf.de\/wp-content\/uploads\/peters_pension_k\u00fcche_4001-300x200.jpg\" alt=\"K\u00fcche mit K\u00fchlschrank - Ferienwohnung Huf Kaufbeuren Allg\u00e4u\" width=\"300\" height=\"200\" srcset=\"https:\/\/www.fewo-huf.de\/wp-content\/uploads\/peters_pension_k\u00fcche_4001-300x200.jpg 300w, https:\/\/www.fewo-huf.de\/wp-content\/uploads\/peters_pension_k\u00fcche_4001-449x300.jpg 449w, https:\/\/www.fewo-huf.de\/wp-content\/uploads\/peters_pension_k\u00fcche_4001.jpg 1024w\" sizes=\"auto, (max-width: 300px) 100vw, 300px\" \/><\/a><p id=\"caption-attachment-17\" class=\"wp-caption-text\">K\u00fcche mit K\u00fchlschrank &#8211; Ferienwohnung Huf Kaufbeuren Allg\u00e4u<\/p><\/div>\n<p><strong>Gang<\/strong><\/p>\n<div id=\"attachment_15\" style=\"width: 210px\" class=\"wp-caption alignnone\"><a href=\"\/wp-content\/uploads\/peters_pension_gang_4024.jpg\"><img loading=\"lazy\" decoding=\"async\" aria-describedby=\"caption-attachment-15\" class=\"wp-image-15 size-medium\" title=\"Gang - Ferienwohnung Huf Kaufbeuren Allg\u00e4u \" src=\"http:\/\/www.fewo-huf.de\/wp-content\/uploads\/peters_pension_gang_4024-200x300.jpg\" alt=\"Gang - Ferienwohnung Huf Kaufbeuren Allg\u00e4u\" width=\"200\" height=\"300\" srcset=\"https:\/\/www.fewo-huf.de\/wp-content\/uploads\/peters_pension_gang_4024-200x300.jpg 200w, https:\/\/www.fewo-huf.de\/wp-content\/uploads\/peters_pension_gang_4024.jpg 683w\" sizes=\"auto, (max-width: 200px) 100vw, 200px\" \/><\/a><p id=\"caption-attachment-15\" class=\"wp-caption-text\">Gang &#8211; Ferienwohnung Huf Kaufbeuren Allg\u00e4u<\/p><\/div>\n","protected":false},"excerpt":{"rendered":"<p>Wohnzimmer Schlafzimmer Zweites Schlafzimmer Badezimmer K\u00fcche Gang<\/p>\n","protected":false},"author":1,"featured_media":0,"parent":0,"menu_order":0,"comment_status":"closed","ping_status":"closed","template":"","meta":{"_monsterinsights_skip_tracking":false,"_monsterinsights_sitenote_active":false,"_monsterinsights_sitenote_note":"","_monsterinsights_sitenote_category":0,"footnotes":""},"class_list":["post-23","page","type-page","status-publish","hentry"],"aioseo_notices":[],"_links":{"self":[{"href":"https:\/\/www.fewo-huf.de\/index.php?rest_route=\/wp\/v2\/pages\/23","targetHints":{"allow":["GET"]}}],"collection":[{"href":"https:\/\/www.fewo-huf.de\/index.php?rest_route=\/wp\/v2\/pages"}],"about":[{"href":"https:\/\/www.fewo-huf.de\/index.php?rest_route=\/wp\/v2\/types\/page"}],"author":[{"embeddable":true,"href":"https:\/\/www.fewo-huf.de\/index.php?rest_route=\/wp\/v2\/users\/1"}],"replies":[{"embeddable":true,"href":"https:\/\/www.fewo-huf.de\/index.php?rest_route=%2Fwp%2Fv2%2Fcomments&post=23"}],"version-history":[{"count":3,"href":"https:\/\/www.fewo-huf.de\/index.php?rest_route=\/wp\/v2\/pages\/23\/revisions"}],"predecessor-version":[{"id":43,"href":"https:\/\/www.fewo-huf.de\/index.php?rest_route=\/wp\/v2\/pages\/23\/revisions\/43"}],"wp:attachment":[{"href":"https:\/\/www.fewo-huf.de\/index.php?rest_route=%2Fwp%2Fv2%2Fmedia&parent=23"}],"curies":[{"name":"wp","href":"https:\/\/api.w.org\/{rel}","templated":true}]}}