{"id":2,"date":"2012-03-13T22:29:23","date_gmt":"2012-03-13T22:29:23","guid":{"rendered":"http:\/\/web131.can23.de\/?page_id=2"},"modified":"2025-06-06T12:08:44","modified_gmt":"2025-06-06T10:08:44","slug":"beispiel-seite","status":"publish","type":"page","link":"https:\/\/www.fewo-huf.de\/","title":{"rendered":"Ferienwohnung Huf"},"content":{"rendered":"<div id=\"attachment_21\" style=\"width: 210px\" class=\"wp-caption alignright\"><a href=\"\/wp-content\/uploads\/peters_pension_wohnzimmer_3974.jpg\"><img loading=\"lazy\" decoding=\"async\" aria-describedby=\"caption-attachment-21\" class=\"wp-image-21 size-medium\" title=\"Wohnzimmer - Ferienwohnung Huf Kaufbeuren Allg\u00e4u \" src=\"http:\/\/www.fewo-huf.de\/wp-content\/uploads\/peters_pension_wohnzimmer_3974-200x300.jpg\" alt=\"Wohnzimmer - Ferienwohnung Huf Kaufbeuren Allg\u00e4u\" width=\"200\" height=\"300\" srcset=\"https:\/\/www.fewo-huf.de\/wp-content\/uploads\/peters_pension_wohnzimmer_3974-200x300.jpg 200w, https:\/\/www.fewo-huf.de\/wp-content\/uploads\/peters_pension_wohnzimmer_3974.jpg 683w\" sizes=\"auto, (max-width: 200px) 100vw, 200px\" \/><\/a><p id=\"caption-attachment-21\" class=\"wp-caption-text\">Wohnzimmer &#8211; Ferienwohnung Huf Kaufbeuren Allg\u00e4u<\/p><\/div>\n<p>Die Ferienwohnung <em>Beethoven 22<\/em> liegt im 1. Stock, inmitten eines liebevoll gepflegten Gartens in absolut ruhiger Wohnlage. Die geschmackvoll eingerichtete und ger\u00e4umige Wohnung (80 qm) bietet 2 Schlafzimmer mit 4 Schlafgelegenheiten (Zus\u00e4tzliches Babybett bei Bedarf), sowie ein gro\u00dfz\u00fcgiges Wohnzimmer, eine voll eingerichtete K\u00fcche und ein luxuri\u00f6ses Bad mit Badewanne und andalusischen Fliesen. High Speed Internet (WLAN) und Kabel-TV mit 32 Programmen sorgen f\u00fcr beste Unterhaltung. Im kreativen Umfeld der K\u00fcnstlerfamilie Eunice und Peter Huf und ihrer Kunstwerke werden Sie einen anregenden Aufenthalt verbringen.<\/p>\n<p>Finden Sie bei uns einen bequemen R\u00fcckzugsort w\u00e4hrend eines Arbeitsaufenthalts in Kaufbeuren oder erleben Sie wundervolle und unvergessliche Urlaubstage in Kaufbeuren!<\/p>\n<p>Die kreisfreie Stadt Kaufbeuren liegt im schw\u00e4bischen Teil des Allg\u00e4us und geh\u00f6rt zum Landkreis Ostallg\u00e4u. Urlauber, die gerne wandern und Rad fahren, finden in Kaufbeuren und Umgebung eine herrliche Landschaft entlang des Flusses Wertach und k\u00f6nnen erholsame Erkundungstouren durch die Region unternehmen. Daneben finden sich in Kaufbeuren auch zahlreiche historische und kulturelle Sehensw\u00fcrdigkeiten und Attraktionen, wie z.B. die mittelalterliche Stadtmauer, der \u201eF\u00fcnfknopfturm\u201c, die \u201eBlasiuskirche\u201c, das \u201eKloster Kaufbeuren\u201c, der Hexenturm, Gerberturm, M\u00fcnzturm, die Kirche \u201eSt. Dominikus\u201c, das \u201eStadtmuseum\u201c, das \u201eKunsthaus Kaufbeuren\u201c, das \u201eIsergebirgs-Museum Neugablonz\u201c, der \u201eNeptunbrunnen\u201c oder der gr\u00f6\u00dfte Adventskranz der Welt. Genie\u00dfen Sie einen anregenden und erholsamen Urlaub in Schwaben und mieten Sie eine gem\u00fctliche Ferienwohnung in Kaufbeuren!<\/p>\n","protected":false},"excerpt":{"rendered":"<p>Die Ferienwohnung Beethoven 22 liegt im 1. Stock, inmitten eines liebevoll gepflegten Gartens in absolut ruhiger Wohnlage. Die geschmackvoll eingerichtete und ger\u00e4umige Wohnung (80 qm) bietet 2 Schlafzimmer mit 4 Schlafgelegenheiten (Zus\u00e4tzliches Babybett bei Bedarf), sowie ein gro\u00dfz\u00fcgiges Wohnzimmer, eine &hellip; <a href=\"https:\/\/www.fewo-huf.de\/\">Weiterlesen <span class=\"meta-nav\">&rarr;<\/span><\/a><\/p>\n","protected":false},"author":1,"featured_media":0,"parent":0,"menu_order":0,"comment_status":"closed","ping_status":"open","template":"","meta":{"_monsterinsights_skip_tracking":false,"_monsterinsights_sitenote_active":false,"_monsterinsights_sitenote_note":"","_monsterinsights_sitenote_category":0,"footnotes":""},"class_list":["post-2","page","type-page","status-publish","hentry"],"aioseo_notices":[],"_links":{"self":[{"href":"https:\/\/www.fewo-huf.de\/index.php?rest_route=\/wp\/v2\/pages\/2","targetHints":{"allow":["GET"]}}],"collection":[{"href":"https:\/\/www.fewo-huf.de\/index.php?rest_route=\/wp\/v2\/pages"}],"about":[{"href":"https:\/\/www.fewo-huf.de\/index.php?rest_route=\/wp\/v2\/types\/page"}],"author":[{"embeddable":true,"href":"https:\/\/www.fewo-huf.de\/index.php?rest_route=\/wp\/v2\/users\/1"}],"replies":[{"embeddable":true,"href":"https:\/\/www.fewo-huf.de\/index.php?rest_route=%2Fwp%2Fv2%2Fcomments&post=2"}],"version-history":[{"count":9,"href":"https:\/\/www.fewo-huf.de\/index.php?rest_route=\/wp\/v2\/pages\/2\/revisions"}],"predecessor-version":[{"id":65,"href":"https:\/\/www.fewo-huf.de\/index.php?rest_route=\/wp\/v2\/pages\/2\/revisions\/65"}],"wp:attachment":[{"href":"https:\/\/www.fewo-huf.de\/index.php?rest_route=%2Fwp%2Fv2%2Fmedia&parent=2"}],"curies":[{"name":"wp","href":"https:\/\/api.w.org\/{rel}","templated":true}]}}